{"id":2031,"date":"2024-02-08T16:33:39","date_gmt":"2024-02-08T15:33:39","guid":{"rendered":"https:\/\/verdmak.com\/politica-de-privacidad-verdmak\/"},"modified":"2024-02-11T09:25:40","modified_gmt":"2024-02-11T08:25:40","slug":"politica-de-privacidad-verdmak","status":"publish","type":"page","link":"https:\/\/verdmak.com\/es\/politica-de-privacidad-verdmak\/","title":{"rendered":"Pol\u00edtica de Privacidad Verdmak"},"content":{"rendered":"\t\t<div data-elementor-type=\"wp-page\" data-elementor-id=\"2031\" class=\"elementor elementor-2031 elementor-808\">\n\t\t\t\t\t\t<section class=\"elementor-section elementor-top-section elementor-element elementor-element-3d2073e elementor-section-full_width elementor-section-height-default elementor-section-height-default\" data-id=\"3d2073e\" data-element_type=\"section\" data-settings=\"{&quot;background_background&quot;:&quot;classic&quot;}\">\n\t\t\t\t\t\t<div class=\"elementor-container elementor-column-gap-default\">\n\t\t\t\t\t<div class=\"elementor-column elementor-col-100 elementor-top-column elementor-element elementor-element-22d5b2e\" data-id=\"22d5b2e\" data-element_type=\"column\">\n\t\t\t<div class=\"elementor-widget-wrap elementor-element-populated\">\n\t\t\t\t\t\t<div class=\"elementor-element elementor-element-679c4e3 elementor-widget elementor-widget-heading\" data-id=\"679c4e3\" data-element_type=\"widget\" data-widget_type=\"heading.default\">\n\t\t\t\t<div class=\"elementor-widget-container\">\n\t\t\t<h1 class=\"elementor-heading-title elementor-size-default\">Pol\u00edtica de Privacidad Verdmak<\/h1>\t\t<\/div>\n\t\t\t\t<\/div>\n\t\t\t\t<div class=\"elementor-element elementor-element-13c2f97 elementor-widget elementor-widget-text-editor\" data-id=\"13c2f97\" data-element_type=\"widget\" data-widget_type=\"text-editor.default\">\n\t\t\t\t<div class=\"elementor-widget-container\">\n\t\t\t\t\t\t\t<p><span style=\"font-weight: 400;\">El TITULAR de la web se compromete a proteger la privacidad de los usuarios que accedan a esta web y\/o cualquiera de sus servicios. La utilizaci\u00f3n de la web y\/o de cualquiera de los servicios ofrecidos por el TITULAR, implica la aceptaci\u00f3n por parte del Usuario de las disposiciones contenidas en la presente Pol\u00edtica de Privacidad.<\/span><\/p><p><span style=\"font-weight: 400;\">Por favor, tenga en cuenta que aunque pueda haber enlaces de nuestra web a otras webs, esta Pol\u00edtica de Privacidad no se aplica a las webs de otras compa\u00f1\u00edas u organizaciones a las que la web est\u00e9 redirigida. \u200b 184 \/ 5.000 Resultats de traducci\u00f3 Resultat de traducci\u00f3 El TITULAR no controla el contenido de los sitios de terceros ni acepta ning\u00fan tipo de responsabilidad por el contenido o las pol\u00edticas de privacidad de estos sitios, tal y como se indica en nuestro <a href=\"https:\/\/verdmak.com\/es\/aviso-legal-verdmak\/\" target=\"_blank\" rel=\"noopener\"><strong>Aviso Legal.<\/strong><\/a><\/span><\/p><p><span style=\"font-weight: 400;\">En cumplimiento del Reglamento (UE) 2016\/679 del Parlamento Europeo y del Consejo, de 27 de abril de 2016, (RGPD) y la Ley Org\u00e1nica 3\/2018, de 5 de diciembre, de Protecci\u00f3n de Datos Personales y garant\u00eda de los derechos digitales (LOPDGDD), le ofrecemos la siguiente informaci\u00f3n sobre el tratamiento de sus datos personales:<\/span><\/p><p><b>\u00bfQui\u00e9n es el responsable del tratamiento de sus datos?<\/b><\/p><p><span style=\"font-weight: 400;\">El Responsable del tratamiento de sus datos es Iv\u00e1n M\u00e1rmol Mart\u00edn, con DNI 41526331S y domicilio en Crta. De Vall-Llobrega, 2, CP 17253 de la localidad de Vall-Llobrega (en adelante, \u201cVERDMAK\u201d).<\/span><\/p><p><span style=\"font-weight: 400;\">Los datos figuran en el <a href=\"https:\/\/verdmak.com\/es\/aviso-legal-verdmak\/\" target=\"_blank\" rel=\"noopener\"><strong>Aviso Legal<\/strong><\/a> de la web.<\/span><\/p><p><b>\u00bfCon qu\u00e9 finalidad tratamos sus datos personales?<\/b><\/p><p><span style=\"font-weight: 400;\">Tratamos la informaci\u00f3n que nos facilita para prestar y facturar nuestros servicios y\/o contestar a solicitudes de informaci\u00f3n o de contacto.<\/span><\/p><p><b>\u00bfDurante cu\u00e1nto tiempo conservaremos sus datos?<\/b><\/p><p><span style=\"font-weight: 400;\">Los datos personales proporcionados se conservar\u00e1n mientras sea usuario de nuestros servicios o desee recibir informaci\u00f3n, mientras no nos solicite su supresi\u00f3n y, en todo caso, durante el plazo de tiempo establecido en la normativa legal vigente.<\/span><\/p><p><b>\u00bfCu\u00e1l es la legitimaci\u00f3n para el tratamiento de sus datos?<\/b><\/p><p><span style=\"font-weight: 400;\">La base legal para el tratamiento de sus datos para las finalidades anteriormente descrita es su consentimiento, libremente otorgado al marcar las casillas de aceptaci\u00f3n de los formularios de recogida de datos de nuestra p\u00e1gina web.<\/span><\/p><p><b>\u00bfA qu\u00e9 destinatarios se comunicar\u00e1n sus datos?<\/b><\/p><p><span style=\"font-weight: 400;\">Los datos no ser\u00e1n comunicados a terceros, salvo que lo exija una ley o sea necesario para cumplir con la finalidad del tratamiento.<\/span><\/p><p><b>\u00bfCu\u00e1les son sus derechos cuando nos facilita sus datos?<\/b><\/p><p><span style=\"font-weight: 400;\">Cualquier persona tiene derecho a obtener confirmaci\u00f3n sobre si estamos tratando datos personales que le conciernen. Las personas interesadas tienen derecho a acceder a sus datos personales, as\u00ed como a solicitar la rectificaci\u00f3n de los datos inexactos o, en su caso, solicitar su supresi\u00f3n cuando, entre otros motivos, los datos ya no sean necesarios para las finalidades para las que fueron recogidos.<\/span><\/p><p><span style=\"font-weight: 400;\">En determinados supuestos el interesado tendr\u00e1 derecho a solicitar la limitaci\u00f3n del tratamiento de los datos, en cuyo caso \u00fanicamente los conservaremos para el ejercicio o la defensa de reclamaciones.<\/span><\/p><p><span style=\"font-weight: 400;\">En determinadas circunstancias y por motivos relacionados con su situaci\u00f3n particular, los interesados pueden oponerse al tratamiento de sus datos. En este caso, VERDMAK dejar\u00e1 de tratar los datos, salvo motivos leg\u00edtimos imperiosos o el ejercicio o defensa de posibles reclamaciones.<\/span><\/p><p><span style=\"font-weight: 400;\">En cualquiera de los casos anteriores, VERDMAK comunicar\u00e1 cualquier rectificaci\u00f3n o supresi\u00f3n de datos personales, as\u00ed como cualquier limitaci\u00f3n de tratamiento efectuada a cada uno de los destinatarios a los que se le hayan comunicado los datos personales, salvo que sea o exija un esfuerzo desproporcionado. Si as\u00ed lo solicita el interesado, VERDMAK le informar\u00e1 sobre estos destinatarios.<\/span><\/p><p><span style=\"font-weight: 400;\">Asimismo, el interesado tendr\u00e1 derecho a recibir los datos personales que le incumban, que haya facilitado a VERDMAK, en un formato estructurado, de uso com\u00fan y lectura mec\u00e1nica, ya transmitirlos a otro responsable cuando el tratamiento se base en el consentimiento o en un contrato y se efect\u00fae por medios automatizados.<\/span><\/p><p><span style=\"font-weight: 400;\">El interesado tendr\u00e1 derecho a oponerse en cualquier momento, por motivos relacionados con su situaci\u00f3n particular, que datos personales que le conciernan sean objeto de un tratamiento basado en el inter\u00e9s p\u00fablico o leg\u00edtimo por VERDMAK o un tercero, incluyendo existe la elaboraci\u00f3n de perfiles, a fin de que VERDMAK deje de tratar los datos personales, salvo que \u00e9stos puedan acreditar motivos leg\u00edtimos imperiosos para el tratamiento que prevalezcan sobre los intereses, derechos y libertades del interesado, o para la formulaci\u00f3n, ejercicio o defensa de reclamaciones.<\/span><\/p><p><span style=\"font-weight: 400;\">Asimismo, el interesado tiene derecho a no ser objeto de una decisi\u00f3n basada \u00fanicamente en el tratamiento automatizado, incluida la elaboraci\u00f3n de perfiles, que produzca efectos jur\u00eddicos o le afecte significativamente, salvo que esta decisi\u00f3n sea necesaria para a la celebraci\u00f3n o ejecuci\u00f3n de un contrato con VERDMAK y est\u00e9 autorizada por la legalidad europea o estatal vigente o se base en el consentimiento expl\u00edcito del interesado.<\/span><\/p><p><span style=\"font-weight: 400;\">Por \u00faltimo, el interesado tendr\u00e1 derecho a presentar reclamaci\u00f3n ante las autoridades de protecci\u00f3n de datos.<\/span><\/p><p><b>\u00bfC\u00f3mo puede ejercer sus derechos?<\/b><\/p><p><span style=\"font-weight: 400;\">Los referidos derechos de acceso, rectificaci\u00f3n, supresi\u00f3n, oposici\u00f3n, portabilidad y limitaci\u00f3n, as\u00ed como si no son objeto de decisiones individuales automatizadas, podr\u00e1n ser ejercidos enviando una solicitud escrita con copia adjunta de su DNI a trav\u00e9s de la siguiente direcci\u00f3n de correo electr\u00f3nico: <\/span><a href=\"mailto:info@verdmak.com\"><span style=\"font-weight: 400;\">info@verdmak.com <\/span><\/a><span style=\"font-weight: 400;\">.<\/span><\/p><p><b>\u00bfC\u00f3mo hemos obtenido sus datos?<\/b><\/p><p><span style=\"font-weight: 400;\">Los datos personales que tratamos proceden del propio interesado, que garantiza que los datos personales facilitados son ciertos y se hace responsable de comunicar cualquier modificaci\u00f3n. Los datos que deban introducirse en un campo que est\u00e9 marcado con un asterisco son obligatorios para poder prestarle el servicio solicitado.<\/span><\/p><p><b>\u00bfQu\u00e9 datos tratamos?<\/b><\/p><p><span style=\"font-weight: 400;\">Las categor\u00edas de datos que podemos tratar son:<\/span><\/p><ul><li style=\"font-weight: 400;\" aria-level=\"1\"><span style=\"font-weight: 400;\">Datos de car\u00e1cter identificativo.<\/span><\/li><li style=\"font-weight: 400;\" aria-level=\"1\"><span style=\"font-weight: 400;\">Direcciones postales o electr\u00f3nicas.<\/span><\/li><li style=\"font-weight: 400;\" aria-level=\"1\"><span style=\"font-weight: 400;\">Tel\u00e9fono<\/span><\/li><\/ul>\t\t\t\t\t\t<\/div>\n\t\t\t\t<\/div>\n\t\t\t\t\t<\/div>\n\t\t<\/div>\n\t\t\t\t\t<\/div>\n\t\t<\/section>\n\t\t\t\t<\/div>\n\t\t","protected":false},"excerpt":{"rendered":"<p>Pol\u00edtica de Privacidad Verdmak El TITULAR de la web se compromete a proteger la privacidad de los usuarios que accedan a esta web y\/o cualquiera de sus servicios. La utilizaci\u00f3n de la web y\/o de cualquiera de los servicios ofrecidos [&hellip;]<\/p>\n","protected":false},"author":1,"featured_media":0,"parent":0,"menu_order":0,"comment_status":"closed","ping_status":"closed","template":"","meta":{"inline_featured_image":false,"_joinchat":[],"footnotes":""},"class_list":["post-2031","page","type-page","status-publish","hentry"],"_links":{"self":[{"href":"https:\/\/verdmak.com\/es\/wp-json\/wp\/v2\/pages\/2031","targetHints":{"allow":["GET"]}}],"collection":[{"href":"https:\/\/verdmak.com\/es\/wp-json\/wp\/v2\/pages"}],"about":[{"href":"https:\/\/verdmak.com\/es\/wp-json\/wp\/v2\/types\/page"}],"author":[{"embeddable":true,"href":"https:\/\/verdmak.com\/es\/wp-json\/wp\/v2\/users\/1"}],"replies":[{"embeddable":true,"href":"https:\/\/verdmak.com\/es\/wp-json\/wp\/v2\/comments?post=2031"}],"version-history":[{"count":9,"href":"https:\/\/verdmak.com\/es\/wp-json\/wp\/v2\/pages\/2031\/revisions"}],"predecessor-version":[{"id":2078,"href":"https:\/\/verdmak.com\/es\/wp-json\/wp\/v2\/pages\/2031\/revisions\/2078"}],"wp:attachment":[{"href":"https:\/\/verdmak.com\/es\/wp-json\/wp\/v2\/media?parent=2031"}],"curies":[{"name":"wp","href":"https:\/\/api.w.org\/{rel}","templated":true}]}}