{"id":2074,"date":"2022-07-13T17:03:32","date_gmt":"2022-07-13T16:03:32","guid":{"rendered":"https:\/\/verdmak.com\/aviso-legal-verdmak\/"},"modified":"2024-02-11T09:36:19","modified_gmt":"2024-02-11T08:36:19","slug":"aviso-legal-verdmak","status":"publish","type":"page","link":"https:\/\/verdmak.com\/es\/aviso-legal-verdmak\/","title":{"rendered":"Aviso Legal Verdmak"},"content":{"rendered":"\t\t<div data-elementor-type=\"wp-page\" data-elementor-id=\"2074\" class=\"elementor elementor-2074 elementor-829\">\n\t\t\t\t\t\t<section class=\"elementor-section elementor-top-section elementor-element elementor-element-bb86d5d elementor-section-full_width elementor-section-height-default elementor-section-height-default\" data-id=\"bb86d5d\" data-element_type=\"section\">\n\t\t\t\t\t\t<div class=\"elementor-container elementor-column-gap-default\">\n\t\t\t\t\t<div class=\"elementor-column elementor-col-100 elementor-top-column elementor-element elementor-element-cf4f857\" data-id=\"cf4f857\" data-element_type=\"column\" data-settings=\"{&quot;background_background&quot;:&quot;classic&quot;}\">\n\t\t\t<div class=\"elementor-widget-wrap elementor-element-populated\">\n\t\t\t\t\t\t<div class=\"elementor-element elementor-element-b832a42 elementor-widget elementor-widget-heading\" data-id=\"b832a42\" data-element_type=\"widget\" data-widget_type=\"heading.default\">\n\t\t\t\t<div class=\"elementor-widget-container\">\n\t\t\t<h2 class=\"elementor-heading-title elementor-size-default\">Aviso Legal Verdmak<\/h2>\t\t<\/div>\n\t\t\t\t<\/div>\n\t\t\t\t<div class=\"elementor-element elementor-element-1958a50 elementor-widget elementor-widget-text-editor\" data-id=\"1958a50\" data-element_type=\"widget\" data-widget_type=\"text-editor.default\">\n\t\t\t\t<div class=\"elementor-widget-container\">\n\t\t\t\t\t\t\t<p><span style=\"font-weight: 400;\">En cumplimiento del art\u00edculo 10 de la Ley 34\/2002, de 11 de julio, sobre Servicios de la Sociedad de la Informaci\u00f3n y Comercio Electr\u00f3nico (LSSI-CE), le informamos que el titular de la p\u00e1gina web (en adelante adelante, la \u201cWeb\u201d) es Iv\u00e1n M\u00e1rmol Mart\u00edn, domiciliado en Vall-Llobrega, Crta. De Vall-Llobrega, 2 \u2013 CP 17253 y con DNI 41526331S (en adelante, \u201cVERDMAK\u201d).<\/span><\/p><p><span style=\"font-weight: 400;\">Las comunicaciones que se hagan necesarias entre VERDMAK y el Usuario deben dirigirse al Servicio de Atenci\u00f3n al Cliente mediante el env\u00edo de un correo electr\u00f3nico a<\/span><a href=\"mailto:admin@verdmak.com\">admin<span style=\"font-weight: 400;\">@verdmak.com <\/span><\/a><span style=\"font-weight: 400;\">, llamando al n\u00famero 972 318 261 o bien mediante el env\u00edo de una comunicaci\u00f3n escrita dirigida a nuestro Departamento de Atenci\u00f3n al Cliente, a la direcci\u00f3n antes citada.<\/span><\/p><p><span style=\"font-weight: 400;\">Nuestro horario de atenci\u00f3n al cliente es de lunes a viernes de 9:00 a 13:00 horas y de 15:00 a 19:00 horas.<\/span><\/p><ol><li><b> Aceptaci\u00f3n de las condiciones de uso<\/b><\/li><\/ol><p><span style=\"font-weight: 400;\">1.1. Estas Condiciones de Uso tienen por finalidad regular la puesta a disposici\u00f3n de la informaci\u00f3n y servicios prestados por VERDMAK a trav\u00e9s de la Web.<\/span><\/p><p><span style=\"font-weight: 400;\">1.2. Al navegar por la Web adquiere autom\u00e1ticamente la condici\u00f3n de Usuario (en adelante, \u00abUsuario\u00bb) y acepta sin reservas de ninguna clase, a todas y cada una del presente Aviso Legal. <\/span><\/p><p><span style=\"font-weight: 400;\">1.3. Para empezar a utilizar la Web no ser\u00e1 necesario que el Usuario se registre previamente, ni que acepte expresamente este Aviso Legal. Sin embargo, el Usuario es consciente de que es su obligaci\u00f3n conocer y respetar el presente Aviso Legal y nuestra <a href=\"https:\/\/verdmak.com\/es\/politica-de-privacidad-verdmak\/\"><strong>Pol\u00edtica de Privacidad<\/strong><\/a> a partir del momento en que accede a la Web.<\/span><\/p><p><span style=\"font-weight: 400;\">1.4. VERDMAK podr\u00e1 modificar el presente Aviso Legal mediante la publicaci\u00f3n de estas modificaciones en la Web a fin de que puedan ser conocidas por los Usuarios.<\/span><\/p><ol start=\"2\"><li><b>Derechos de propiedad intelectual e industrial<\/b><\/li><\/ol><p><span style=\"font-weight: 400;\">2.1. Todo el contenido de la Web, incluyendo a t\u00edtulo enunciativo, pero no limitativo su programaci\u00f3n, edici\u00f3n, compilaci\u00f3n, dise\u00f1os, logotipos, im\u00e1genes, texto y gr\u00e1ficos, son propiedad de VERDMAK, encontr\u00e1ndose protegidos por la normativa nacional e internacional sobre propiedad intelectual. El acceso por parte del Usuario no le otorga ning\u00fan derecho de propiedad.<\/span><\/p><p><span style=\"font-weight: 400;\">2.2. Si usted ve en la web cualquier contenido que pudiera vulnerar derechos de propiedad intelectual e industrial, rogamos lo pongan en conocimiento de VERDMAK lo antes posible, remitiendo un correo electr\u00f3nico a la direcci\u00f3n <\/span><a href=\"mailto:info@verdmak.com\"><span style=\"font-weight: 400;\">info@verdmak.com<\/span><\/a><span style=\"font-weight: 400;\">.<\/span><\/p><p><span style=\"font-weight: 400;\"> 3. <\/span><b>Responsabilidad Civil<\/b><\/p><p><span style=\"font-weight: 400;\">3.1. VERDMAK no responder\u00e1 de ning\u00fan da\u00f1o o perjuicio que el Usuario pueda sufrir como consecuencia de la utilizaci\u00f3n de la Web cuando pruebe que ha cumplido las exigencias y diligencias que exige la naturaleza de la Web.<\/span><\/p><p><span style=\"font-weight: 400;\">3.2. No controlamos, a todos los efectos, la utilizaci\u00f3n que los Usuarios hacen de la Web. En particular, no garantizamos bajo ning\u00fan extremo que los Usuarios utilicen la Web y sus herramientas de conformidad con la ley, este Aviso Legal, la moral y buenas costumbres generalmente aceptadas y el orden p\u00fablico, ni tampoco que lo hagan de forma diligente y prudente.<\/span><\/p><p><span style=\"font-weight: 400;\">3.3. En caso de que en la Web se dispusieran enlaces o hiperv\u00ednculos hacia otros sitios de Internet, no ejerceremos ning\u00fan tipo de control sobre estos sitios y contenidos. En ning\u00fan caso asumiremos responsabilidad alguna por los contenidos de alg\u00fan enlace perteneciente a una web ajena, ni garantizaremos la disponibilidad t\u00e9cnica, calidad y veracidad de cualquier material o informaci\u00f3n contenida en los mismos.<\/span><\/p><p><span style=\"font-weight: 400;\"> 4.<\/span><b>Exclusi\u00f3n de garant\u00eda<\/b><\/p><p><span style=\"font-weight: 400;\">4.1. No garantizamos que la Web se ejecute sin interrupciones, en tiempo \u00fatil, fiable, libre de errores o de virus y no nos hagamos responsable de los posibles da\u00f1os o perjuicios que se puedan derivar de interferencias, omisiones, interrupciones, virus inform\u00e1ticos o desconexiones en el sistema operativo de este sistema electr\u00f3nico, motivadas por causas ajenas a VERDMAK.<\/span><\/p><p><span style=\"font-weight: 400;\">4.2. Es responsabilidad del Usuario adoptar todas las medidas t\u00e9cnicas adecuadas para controlar razonablemente estos riesgos y evitar da\u00f1os a sus equipos, p\u00e9rdida de datos y robo de informaci\u00f3n confidencial. A estos efectos, tendr\u00e1 sistemas actualizados de detecci\u00f3n de software malicioso, tales como virus, troyanos, etc., as\u00ed como tener actualizados los parches de seguridad de los navegadores correspondientes que utilice.<\/span><\/p><ol start=\"5\"><li><b> Obligaci\u00f3n de los Usuarios<\/b><\/li><\/ol><p><span style=\"font-weight: 400;\">El Usuario se compromete a:<\/span><\/p><p><span style=\"font-weight: 400;\">5.1. Proporcionar a todos los formularios de la Web datos veraces y mantener estos datos actualizados. El Usuario se obliga a no utilizar identidades falsas, ni suplantar la identidad de los dem\u00e1s en la utilizaci\u00f3n de la Web.<\/span><\/p><p><span style=\"font-weight: 400;\">5.2. No utilizar im\u00e1genes o informaci\u00f3n con car\u00e1cter difamatorio, injurioso, obsceno, amenazante, xen\u00f3fobo, que incite la violencia a la discriminaci\u00f3n por raz\u00f3n de raza, sexo, ideolog\u00eda, religi\u00f3n o que de cualquier manera atente contra la moral, el orden p\u00fablico, los derechos fundamentales, libertades p\u00fablicas, honor, intimidad o imagen de terceros y, en general, la normativa vigente.<\/span><\/p><p><span style=\"font-weight: 400;\">5.3. No introducir, almacenar o difundir cualquier contenido que infrinja derechos de propiedad intelectual e industrial, el secreto de las comunicaciones y la legislaci\u00f3n de protecci\u00f3n de datos de car\u00e1cter personal.<\/span><\/p><p><span style=\"font-weight: 400;\">5.4. No utilizar la web para realizar actividades publicitarias, promocionales o de explotaci\u00f3n comercial.<\/span><\/p><p><span style=\"font-weight: 400;\">5.5. No introducir, almacenar o difundir ning\u00fan programa de ordenador, datos, virus, c\u00f3digo, equipo de hardware o de telecomunicaciones o cualquier otro instrumento o dispositivo electr\u00f3nico o f\u00edsico que sea susceptible de causar da\u00f1os en la Web o de impedir su funcionamiento normal.<\/span><\/p><p><span style=\"font-weight: 400;\">5.6. No destruir, alterar, utilizar para su uso, inutilizar o da\u00f1ar los datos, informaciones, programas o documentos electr\u00f3nicos de VERDMAK, sus proveedores o terceros.<\/span><\/p><p><span style=\"font-weight: 400;\">5.7. No introducir o difundir cualquier informaci\u00f3n y contenidos falsos, ambiguos o inexactos de forma que induzca a error a los receptores de la informaci\u00f3n.<\/span><\/p><ol start=\"6\"><li><b>Menores de Edad<\/b><\/li><\/ol><p><span style=\"font-weight: 400;\">A todos los efectos, para hacer uso del servicio los menores de edad deben haber obtenido previamente la autorizaci\u00f3n de los padres, tutores o representantes legales, los cuales ser\u00e1n responsables de todos los actos realizados a trav\u00e9s de la web por los menores a su cargo. En los servicios en los que se se\u00f1ale expresamente o que est\u00e9 determinado por ley, el acceso quedar\u00e1 restringido \u00fanica y exclusivamente a mayores de 18 a\u00f1os.<\/span><\/p><p><span style=\"font-weight: 400;\"> 7.<\/span><b>Duraci\u00f3n y terminaci\u00f3n<\/b><\/p><p><span style=\"font-weight: 400;\">La puesta a disposici\u00f3n de los servicios tendr\u00e1 una duraci\u00f3n indefinida. Sin perjuicio de ello, estamos facultados para dar por terminada, suspender o interrumpir unilateralmente, en cualquier momento y sin necesidad de preaviso, la comercializaci\u00f3n de nuestros productos.<\/span><\/p><p><span style=\"font-weight: 400;\"> 8.<\/span><b>Ley aplicable y jurisdicci\u00f3n<\/b><\/p><p><span style=\"font-weight: 400;\">Este Aviso Legal se rige por la ley espa\u00f1ola. Las partes se someten, a su elecci\u00f3n, para la resoluci\u00f3n de los conflictos y con renuncia a cualquier otro fuero, en los juzgados y tribunales del domicilio de la Bisbal d&#8217;Empord\u00e0.<\/span><\/p>\t\t\t\t\t\t<\/div>\n\t\t\t\t<\/div>\n\t\t\t\t\t<\/div>\n\t\t<\/div>\n\t\t\t\t\t<\/div>\n\t\t<\/section>\n\t\t\t\t<\/div>\n\t\t","protected":false},"excerpt":{"rendered":"<p>Aviso Legal Verdmak En cumplimiento del art\u00edculo 10 de la Ley 34\/2002, de 11 de julio, sobre Servicios de la Sociedad de la Informaci\u00f3n y Comercio Electr\u00f3nico (LSSI-CE), le informamos que el titular de la p\u00e1gina web (en adelante adelante, [&hellip;]<\/p>\n","protected":false},"author":1,"featured_media":0,"parent":0,"menu_order":0,"comment_status":"closed","ping_status":"closed","template":"elementor_header_footer","meta":{"inline_featured_image":false,"_joinchat":[],"footnotes":""},"class_list":["post-2074","page","type-page","status-publish","hentry"],"_links":{"self":[{"href":"https:\/\/verdmak.com\/es\/wp-json\/wp\/v2\/pages\/2074","targetHints":{"allow":["GET"]}}],"collection":[{"href":"https:\/\/verdmak.com\/es\/wp-json\/wp\/v2\/pages"}],"about":[{"href":"https:\/\/verdmak.com\/es\/wp-json\/wp\/v2\/types\/page"}],"author":[{"embeddable":true,"href":"https:\/\/verdmak.com\/es\/wp-json\/wp\/v2\/users\/1"}],"replies":[{"embeddable":true,"href":"https:\/\/verdmak.com\/es\/wp-json\/wp\/v2\/comments?post=2074"}],"version-history":[{"count":7,"href":"https:\/\/verdmak.com\/es\/wp-json\/wp\/v2\/pages\/2074\/revisions"}],"predecessor-version":[{"id":2103,"href":"https:\/\/verdmak.com\/es\/wp-json\/wp\/v2\/pages\/2074\/revisions\/2103"}],"wp:attachment":[{"href":"https:\/\/verdmak.com\/es\/wp-json\/wp\/v2\/media?parent=2074"}],"curies":[{"name":"wp","href":"https:\/\/api.w.org\/{rel}","templated":true}]}}