{"id":2156,"date":"2024-03-19T18:29:14","date_gmt":"2024-03-19T17:29:14","guid":{"rendered":"https:\/\/verdmak.com\/catalogos-de-productos-en-verdmak\/"},"modified":"2026-03-04T12:11:34","modified_gmt":"2026-03-04T11:11:34","slug":"catalogos-de-productos-en-verdmak","status":"publish","type":"page","link":"https:\/\/verdmak.com\/es\/catalogos-de-productos-en-verdmak\/","title":{"rendered":"Cat\u00e1logos de productos en Verdmak"},"content":{"rendered":"\t\t<div data-elementor-type=\"wp-page\" data-elementor-id=\"2156\" class=\"elementor elementor-2156 elementor-2153\">\n\t\t\t\t\t\t<section class=\"elementor-section elementor-top-section elementor-element elementor-element-4edea416 elementor-section-full_width elementor-section-stretched elementor-section-height-default elementor-section-height-default\" data-id=\"4edea416\" data-element_type=\"section\" data-settings=\"{&quot;stretch_section&quot;:&quot;section-stretched&quot;}\">\n\t\t\t\t\t\t<div class=\"elementor-container elementor-column-gap-no\">\n\t\t\t\t\t<div class=\"elementor-column elementor-col-100 elementor-top-column elementor-element elementor-element-22e5330c\" data-id=\"22e5330c\" data-element_type=\"column\">\n\t\t\t<div class=\"elementor-widget-wrap elementor-element-populated\">\n\t\t\t\t\t\t<div class=\"elementor-element elementor-element-56f5dcaa elementor--v-position-bottom elementor--h-position-center elementor-arrows-position-inside elementor-widget elementor-widget-slides\" data-id=\"56f5dcaa\" data-element_type=\"widget\" data-settings=\"{&quot;navigation&quot;:&quot;arrows&quot;,&quot;transition&quot;:&quot;fade&quot;,&quot;transition_speed&quot;:500}\" data-widget_type=\"slides.default\">\n\t\t\t\t<div class=\"elementor-widget-container\">\n\t\t\t\t\t<div class=\"elementor-swiper\">\n\t\t\t<div class=\"elementor-slides-wrapper elementor-main-swiper swiper-container\" dir=\"ltr\" data-animation=\"fadeInUp\">\n\t\t\t\t<div class=\"swiper-wrapper elementor-slides\">\n\t\t\t\t\t\t\t\t\t\t<div class=\"elementor-repeater-item-f6953d9 swiper-slide\"><div class=\"swiper-slide-bg\"><\/div><div class=\"elementor-background-overlay\"><\/div><div class=\"swiper-slide-inner\"><div class=\"swiper-slide-contents\"><div class=\"elementor-slide-description\"><p>Toda la maquinaria que necesitas en un clic<\/p>\n<\/div><\/div><\/div><\/div><div class=\"elementor-repeater-item-1a97d3c swiper-slide\"><div class=\"swiper-slide-bg\"><\/div><div class=\"elementor-background-overlay\"><\/div><div class=\"swiper-slide-inner\"><div class=\"swiper-slide-contents\"><\/div><\/div><\/div><div class=\"elementor-repeater-item-f29b659 swiper-slide\"><div class=\"swiper-slide-bg\"><\/div><div class=\"elementor-background-overlay\"><\/div><div class=\"swiper-slide-inner\"><div class=\"swiper-slide-contents\"><\/div><\/div><\/div>\t\t\t\t<\/div>\n\t\t\t\t\t\t\t\t\t\t\t\t\t\t\t\t\t\t\t\t<div class=\"elementor-swiper-button elementor-swiper-button-prev\">\n\t\t\t\t\t\t\t<i aria-hidden=\"true\" class=\"eicon-chevron-left\"><\/i>\t\t\t\t\t\t\t<span class=\"elementor-screen-only\">Previous<\/span>\n\t\t\t\t\t\t<\/div>\n\t\t\t\t\t\t<div class=\"elementor-swiper-button elementor-swiper-button-next\">\n\t\t\t\t\t\t\t<i aria-hidden=\"true\" class=\"eicon-chevron-right\"><\/i>\t\t\t\t\t\t\t<span class=\"elementor-screen-only\">Next<\/span>\n\t\t\t\t\t\t<\/div>\n\t\t\t\t\t\t\t\t\t\t\t\t<\/div>\n\t\t<\/div>\n\t\t\t\t<\/div>\n\t\t\t\t<\/div>\n\t\t\t\t\t<\/div>\n\t\t<\/div>\n\t\t\t\t\t<\/div>\n\t\t<\/section>\n\t\t\t\t<section class=\"elementor-section elementor-top-section elementor-element elementor-element-514d1a2a elementor-section-stretched elementor-section-boxed elementor-section-height-default elementor-section-height-default\" data-id=\"514d1a2a\" data-element_type=\"section\" data-settings=\"{&quot;stretch_section&quot;:&quot;section-stretched&quot;,&quot;background_background&quot;:&quot;classic&quot;}\">\n\t\t\t\t\t\t<div class=\"elementor-container elementor-column-gap-no\">\n\t\t\t\t\t<div class=\"elementor-column elementor-col-100 elementor-top-column elementor-element elementor-element-41bffa3e\" data-id=\"41bffa3e\" data-element_type=\"column\">\n\t\t\t<div class=\"elementor-widget-wrap elementor-element-populated\">\n\t\t\t\t\t\t<div class=\"elementor-element elementor-element-4165e975 elementor-widget elementor-widget-slider_revolution\" data-id=\"4165e975\" data-element_type=\"widget\" data-widget_type=\"slider_revolution.default\">\n\t\t\t\t<div class=\"elementor-widget-container\">\n\t\t\t\r\n\t\t<div class=\"wp-block-themepunch-revslider\">\n\t\t\t<!-- START Brands REVOLUTION SLIDER 6.5.19 --><p class=\"rs-p-wp-fix\"><\/p>\n\t\t\t<rs-module-wrap id=\"rev_slider_3_1_wrapper\" data-source=\"gallery\" style=\"visibility:hidden;background:transparent;padding:0;margin:0px auto;margin-top:0;margin-bottom:0;\">\n\t\t\t\t<rs-module id=\"rev_slider_3_1\" style=\"\" data-version=\"6.5.19\">\n\t\t\t\t\t<rs-slides>\n\t\t\t\t\t\t<rs-slide style=\"position: absolute;\" data-key=\"rs-6\" data-title=\"brands Verdmak\" data-in=\"o:0;\" data-out=\"a:false;\" data-sloop=\"s:2500;e:4500;\">\n\t\t\t\t\t\t\t<img decoding=\"async\" src=\"\/\/verdmak.com\/wp-content\/plugins\/revslider\/public\/assets\/assets\/dummy.png\" alt=\"brands Verdmak\" title=\"Cat\u00e1logos de productos en Verdmak\" class=\"rev-slidebg tp-rs-img rs-lazyload\" data-lazyload=\"\/\/verdmak.com\/wp-content\/plugins\/revslider\/public\/assets\/assets\/transparent.png\" data-no-retina\/>\n<!--\n\t\t\t\t\t\t\t--><a id=\"slider-3-slide-6-layer-0\" class=\"rs-layer\" href=\"https:\/\/www.stiga.com\/es\/\" target=\"_blank\" rel=\"noopener\" data-type=\"image\" data-rsp_ch=\"on\" data-xy=\"xo:0,0,11px,2px;yo:25px,12px,-9px,-7px;\" data-text=\"w:normal;s:20,10,5,4;l:0,12,6,6;\" data-dim=\"w:150px,75px,100px,88px;h:150px,75px,100px,88px;\" data-basealign=\"slide\" data-frame_999=\"o:0;st:w;\" style=\"z-index:8;\"><img fetchpriority=\"high\" decoding=\"async\" src=\"\/\/verdmak.com\/wp-content\/plugins\/revslider\/public\/assets\/assets\/dummy.png\" alt=\"Stiga maquin\u00e0ria de jardi\" class=\"tp-rs-img rs-lazyload\" width=\"1080\" height=\"1080\" data-lazyload=\"\/\/verdmak.com\/wp-content\/uploads\/2024\/10\/stiga-maquinaria-jardin.webp\" data-no-retina title=\"Verdmak - Venda, reparaci\u00f3 i lloguer de maquin\u00e0ria de jardineria, forestal i agr\u00edcola\"\/> \n\t\t\t\t\t\t\t<\/a><!--\n\n\t\t\t\t\t\t\t--><a id=\"slider-3-slide-6-layer-1\" class=\"rs-layer\" href=\"https:\/\/www.hondaencasa.com\/\" target=\"_blank\" rel=\"noopener\" data-type=\"image\" data-rsp_ch=\"on\" data-xy=\"xo:165px,78px,148px,140px;yo:28px,11px,-31px,-24px;\" data-text=\"w:normal;s:20,10,5,4;l:0,12,6,6;\" data-dim=\"w:150px,75px,144px,128px;h:150px,75px,144px,128px;\" data-actions=\"o:click;a:menulink;target:_blank;url:https:\/\/www.hondaencasa.com\/;sp:300;e:none;\" data-frame_999=\"o:0;st:w;\" style=\"z-index:9;\"><img decoding=\"async\" src=\"\/\/verdmak.com\/wp-content\/plugins\/revslider\/public\/assets\/assets\/dummy.png\" alt=\"Honda maquin\u00e0ria agricola\" class=\"tp-rs-img rs-lazyload\" width=\"1080\" height=\"1080\" data-lazyload=\"\/\/verdmak.com\/wp-content\/uploads\/2024\/10\/honda-maquinaria-agricola.webp\" data-no-retina title=\"Verdmak - Venda, reparaci\u00f3 i lloguer de maquin\u00e0ria de jardineria, forestal i agr\u00edcola\"\/> \n\t\t\t\t\t\t\t<\/a><!--\n\n\t\t\t\t\t\t\t--><a id=\"slider-3-slide-6-layer-2\" class=\"rs-layer\" href=\"https:\/\/www.ariens.com\/\" target=\"_blank\" rel=\"noopener\" data-type=\"image\" data-rsp_ch=\"on\" data-xy=\"xo:343px,159px,333px,298px;yo:54px,24px,5px,9px;\" data-text=\"w:normal;s:20,10,5,4;l:0,12,6,6;\" data-dim=\"w:150px,75px,100px,88px;h:98px,49px,66px,58px;\" data-frame_999=\"o:0;st:w;\" style=\"z-index:10;\"><img decoding=\"async\" src=\"\/\/verdmak.com\/wp-content\/plugins\/revslider\/public\/assets\/assets\/dummy.png\" alt=\"Verdmak - Venda, reparaci\u00f3 i lloguer de maquin\u00e0ria de jardineria, forestal i agr\u00edcola\" class=\"tp-rs-img rs-lazyload\" width=\"200\" height=\"131\" data-lazyload=\"\/\/verdmak.com\/wp-content\/uploads\/2022\/06\/ariens-logo.png\" data-no-retina title=\"Verdmak - Venda, reparaci\u00f3 i lloguer de maquin\u00e0ria de jardineria, forestal i agr\u00edcola\"\/> \n\t\t\t\t\t\t\t<\/a><!--\n\n\t\t\t\t\t\t\t--><a id=\"slider-3-slide-6-layer-3\" class=\"rs-layer\" href=\"https:\/\/www.silky.es\/\" target=\"_blank\" rel=\"noopener\" data-type=\"image\" data-rsp_ch=\"on\" data-xy=\"xo:504px,242px,25px,0;yo:52px,22px,107px,79px;\" data-text=\"w:normal;s:20,10,5,4;l:0,12,6,6;\" data-dim=\"w:150px,75px,100px,88px;h:98px,49px,66px,58px;\" data-frame_999=\"o:0;st:w;\" style=\"z-index:11;\"><img loading=\"lazy\" decoding=\"async\" src=\"\/\/verdmak.com\/wp-content\/plugins\/revslider\/public\/assets\/assets\/dummy.png\" alt=\"Silky. Productos de jardineria artesanos\" class=\"tp-rs-img rs-lazyload\" width=\"200\" height=\"131\" data-lazyload=\"\/\/verdmak.com\/wp-content\/uploads\/2022\/06\/Silky.png\" data-no-retina title=\"Verdmak - Venda, reparaci\u00f3 i lloguer de maquin\u00e0ria de jardineria, forestal i agr\u00edcola\"\/> \n\t\t\t\t\t\t\t<\/a><!--\n\n\t\t\t\t\t\t\t--><a id=\"slider-3-slide-6-layer-4\" class=\"rs-layer\" href=\"https:\/\/www.echo-es.es\/\" target=\"_blank\" rel=\"noopener\" data-type=\"image\" data-rsp_ch=\"on\" data-xy=\"xo:661px,324px,159px,158px;yo:37px,14px,111px,73px;\" data-text=\"w:normal;s:20,10,5,4;l:0,12,6,6;\" data-dim=\"w:200px,100px,100px,88px;h:131px,66px,66px,58px;\" data-frame_999=\"o:0;st:w;\" style=\"z-index:12;\"><img loading=\"lazy\" decoding=\"async\" src=\"\/\/verdmak.com\/wp-content\/plugins\/revslider\/public\/assets\/assets\/dummy.png\" alt=\"Echo Maquinaria - Verdmak\" class=\"tp-rs-img rs-lazyload\" width=\"200\" height=\"131\" data-lazyload=\"\/\/verdmak.com\/wp-content\/uploads\/2022\/06\/Echo.png\" data-no-retina title=\"Verdmak - Venda, reparaci\u00f3 i lloguer de maquin\u00e0ria de jardineria, forestal i agr\u00edcola\"\/> \n\t\t\t\t\t\t\t<\/a><!--\n\n\t\t\t\t\t\t\t--><a id=\"slider-3-slide-6-layer-5\" class=\"rs-layer\" href=\"https:\/\/www.oleomac.es\/es-es\/\" target=\"_blank\" rel=\"noopener\" data-type=\"image\" data-rsp_ch=\"on\" data-xy=\"xo:1371px,697px,329px,291px;yo:35px,18px,199px,141px;\" data-text=\"w:normal;s:20,10,5,4;l:0,12,6,6;\" data-dim=\"w:200px,100px,113px,100px;h:131px,65px,74px,65px;\" data-frame_999=\"o:0;st:w;\" style=\"z-index:17;\"><img loading=\"lazy\" decoding=\"async\" src=\"\/\/verdmak.com\/wp-content\/plugins\/revslider\/public\/assets\/assets\/dummy.png\" alt=\"Verdmak - Venda, reparaci\u00f3 i lloguer de maquin\u00e0ria de jardineria, forestal i agr\u00edcola\" class=\"tp-rs-img rs-lazyload\" width=\"200\" height=\"131\" data-lazyload=\"\/\/verdmak.com\/wp-content\/uploads\/2022\/06\/oleo1.png\" data-no-retina title=\"Verdmak - Venda, reparaci\u00f3 i lloguer de maquin\u00e0ria de jardineria, forestal i agr\u00edcola\"\/> \n\t\t\t\t\t\t\t<\/a><!--\n\n\t\t\t\t\t\t\t--><a id=\"slider-3-slide-6-layer-8\" class=\"rs-layer\" href=\"https:\/\/www.benassi.it\/es\/index.php\" target=\"_blank\" rel=\"noopener\" data-type=\"image\" data-rsp_ch=\"on\" data-xy=\"xo:872px,429px,334px,297px;yo:31px,11px,92px,58px;\" data-text=\"w:normal;s:20,10,5,4;l:0,12,6,6;\" data-dim=\"w:150px,75px,100px,88px;h:150px,75px,100px,88px;\" data-frame_999=\"o:0;st:w;\" style=\"z-index:14;\"><img loading=\"lazy\" decoding=\"async\" src=\"\/\/verdmak.com\/wp-content\/plugins\/revslider\/public\/assets\/assets\/dummy.png\" alt=\"Verdmak - Venda, reparaci\u00f3 i lloguer de maquin\u00e0ria de jardineria, forestal i agr\u00edcola\" class=\"tp-rs-img rs-lazyload\" width=\"200\" height=\"200\" data-lazyload=\"\/\/verdmak.com\/wp-content\/uploads\/2024\/11\/Diseno-sin-titulo.png\" data-no-retina title=\"Verdmak - Venda, reparaci\u00f3 i lloguer de maquin\u00e0ria de jardineria, forestal i agr\u00edcola\"\/> \n\t\t\t\t\t\t\t<\/a><!--\n\n\t\t\t\t\t\t\t--><a id=\"slider-3-slide-6-layer-9\" class=\"rs-layer\" href=\"https:\/\/techracing.es\/portfolio-view\/kaaz\/\" target=\"_blank\" rel=\"noopener\" data-type=\"image\" data-rsp_ch=\"on\" data-xy=\"xo:1041px,520px,20px,8px;yo:54px,25px,204px,142px;\" data-text=\"w:normal;s:20,10,5,4;l:0,12,6,6;\" data-dim=\"w:150px,75px,100px,88px;h:98px,49px,66px,58px;\" data-frame_999=\"o:0;st:w;\" style=\"z-index:15;\"><img loading=\"lazy\" decoding=\"async\" src=\"\/\/verdmak.com\/wp-content\/plugins\/revslider\/public\/assets\/assets\/dummy.png\" alt=\"KAAZ proveedor de diferenciales de deslizamiento limitado\" class=\"tp-rs-img rs-lazyload\" width=\"200\" height=\"131\" data-lazyload=\"\/\/verdmak.com\/wp-content\/uploads\/2022\/06\/KAAZ.png\" data-no-retina title=\"Verdmak - Venda, reparaci\u00f3 i lloguer de maquin\u00e0ria de jardineria, forestal i agr\u00edcola\"\/> \n\t\t\t\t\t\t\t<\/a><!--\n\n\t\t\t\t\t\t\t--><a id=\"slider-3-slide-6-layer-11\" class=\"rs-layer\" href=\"https:\/\/www.oregonproducts.com\/es_la\/\" target=\"_blank\" rel=\"noopener\" data-type=\"image\" data-rsp_ch=\"on\" data-xy=\"xo:1217px,614px,174px,163px;yo:78px,39px,223px,160px;\" data-text=\"w:normal;s:20,10,5,4;l:0,12,6,6;\" data-dim=\"w:150px,75px,100px,88px;h:44px,22px,30px,26px;\" data-frame_999=\"o:0;st:w;\" style=\"z-index:16;\"><img loading=\"lazy\" decoding=\"async\" src=\"\/\/verdmak.com\/wp-content\/plugins\/revslider\/public\/assets\/assets\/dummy.png\" alt=\"Verdmak - Venda, reparaci\u00f3 i lloguer de maquin\u00e0ria de jardineria, forestal i agr\u00edcola\" class=\"tp-rs-img rs-lazyload\" width=\"501\" height=\"148\" data-lazyload=\"\/\/verdmak.com\/wp-content\/uploads\/2024\/11\/oregon-piezas-equipos-exterior.webp\" data-no-retina title=\"Verdmak - Venda, reparaci\u00f3 i lloguer de maquin\u00e0ria de jardineria, forestal i agr\u00edcola\"\/> \n\t\t\t\t\t\t\t<\/a><!--\n-->\t\t\t\t\t\t<\/rs-slide>\n\t\t\t\t\t<\/rs-slides>\n\t\t\t\t<\/rs-module>\n\t\t\t\t<script>\n\t\t\t\t\tsetREVStartSize({c: 'rev_slider_3_1',rl:[1240,1024,778,480],el:[200,100,300,220],gw:[1600,800,450,400],gh:[200,100,300,220],type:'carousel',justify:'',layout:'fullwidth',mh:\"0\"});if (window.RS_MODULES!==undefined && window.RS_MODULES.modules!==undefined && window.RS_MODULES.modules[\"revslider31\"]!==undefined) {window.RS_MODULES.modules[\"revslider31\"].once = false;window.revapi3 = undefined;if (window.RS_MODULES.checkMinimal!==undefined) window.RS_MODULES.checkMinimal()}\n\t\t\t\t<\/script>\n\t\t\t<\/rs-module-wrap>\n\t\t\t<!-- END REVOLUTION SLIDER -->\n<\/div>\r\n\r\n\t\t\t\t<\/div>\n\t\t\t\t<\/div>\n\t\t\t\t\t<\/div>\n\t\t<\/div>\n\t\t\t\t\t<\/div>\n\t\t<\/section>\n\t\t\t\t<section class=\"elementor-section elementor-top-section elementor-element elementor-element-5bb93aa1 elementor-section-stretched hide-bg-on-1199 elementor-section-boxed elementor-section-height-default elementor-section-height-default\" data-id=\"5bb93aa1\" data-element_type=\"section\" data-settings=\"{&quot;stretch_section&quot;:&quot;section-stretched&quot;,&quot;background_background&quot;:&quot;classic&quot;}\">\n\t\t\t\t\t\t<div class=\"elementor-container elementor-column-gap-default\">\n\t\t\t\t\t<div class=\"elementor-column elementor-col-100 elementor-top-column elementor-element elementor-element-6f03641a\" data-id=\"6f03641a\" data-element_type=\"column\">\n\t\t\t<div class=\"elementor-widget-wrap elementor-element-populated\">\n\t\t\t\t\t\t<div class=\"elementor-element elementor-element-34d3c77a elementor-widget elementor-widget-tfl-heading\" data-id=\"34d3c77a\" data-element_type=\"widget\" data-widget_type=\"tfl-heading.default\">\n\t\t\t\t<div class=\"elementor-widget-container\">\n\t\t\t\n<div class=\"tfl-heading tfl-style1 tfl-aligncenter \">\n\n            <div class=\"tfl-subtitle\">Explora los cat\u00e1logos de nuestros distribuidores:<\/div>\n    \n    <h2 class=\"tfl-title\">Descubre nuestra amplia gama de maquinaria<\/h2>\n\n<\/div><!-- .tfl-heading -->\t\t<\/div>\n\t\t\t\t<\/div>\n\t\t\t\t<section class=\"elementor-section elementor-inner-section elementor-element elementor-element-4ed27a56 elementor-section-boxed elementor-section-height-default elementor-section-height-default\" data-id=\"4ed27a56\" data-element_type=\"section\">\n\t\t\t\t\t\t<div class=\"elementor-container elementor-column-gap-default\">\n\t\t\t\t\t<div class=\"elementor-column elementor-col-50 elementor-inner-column elementor-element elementor-element-4cd2b7f8\" data-id=\"4cd2b7f8\" data-element_type=\"column\">\n\t\t\t<div class=\"elementor-widget-wrap elementor-element-populated\">\n\t\t\t\t\t\t<div class=\"elementor-element elementor-element-422a031 elementor-widget elementor-widget-tfl-iconbox-v2\" data-id=\"422a031\" data-element_type=\"widget\" data-widget_type=\"tfl-iconbox-v2.default\">\n\t\t\t\t<div class=\"elementor-widget-container\">\n\t\t\t\n\n<div class=\"tfl-iconbox-v2 tfl-style1  has-icon dark-mode-no tfl-align-left \">\n                    <div class=\"tfl-image-wrapper\">\n                <i aria-hidden=\"true\" class=\"far fa-clipboard\"><\/i>            <\/div>\n        \n        <div class=\"tfl-content-wrapper\">\n\n                        <h3 class=\"tfl-title\">\n\n                            <a href=\"https:\/\/www.dropbox.com\/scl\/fi\/z60nzsq8dewmsyok7d0b8\/Catalogo-Dealer-Stiga-2026.pdf?rlkey=425g07y0n9indrq7yb4yhk8pg&amp;dl=0\" target=\"_blank\" rel=\"noopener\">\n            \n            STIGA Garden Care\n                            <\/a>\n            \n        <\/h3>\n\n    \n        \n            <p class=\"tfl-text\">Gama 2026<br \/>\nCat\u00e1logo Dealer 2026<\/p>\n\n            <\/div>\n\n<\/div><!-- .tfl-iconbox -->\t\t<\/div>\n\t\t\t\t<\/div>\n\t\t\t\t\t<\/div>\n\t\t<\/div>\n\t\t\t\t<div class=\"elementor-column elementor-col-50 elementor-inner-column elementor-element elementor-element-35fefb69\" data-id=\"35fefb69\" data-element_type=\"column\">\n\t\t\t<div class=\"elementor-widget-wrap elementor-element-populated\">\n\t\t\t\t\t\t<div class=\"elementor-element elementor-element-006012f elementor-widget elementor-widget-tfl-iconbox-v2\" data-id=\"006012f\" data-element_type=\"widget\" data-widget_type=\"tfl-iconbox-v2.default\">\n\t\t\t\t<div class=\"elementor-widget-container\">\n\t\t\t\n\n<div class=\"tfl-iconbox-v2 tfl-style1  has-icon dark-mode-no tfl-align-left \">\n                    <div class=\"tfl-image-wrapper\">\n                <i aria-hidden=\"true\" class=\"far fa-clipboard\"><\/i>            <\/div>\n        \n        <div class=\"tfl-content-wrapper\">\n\n                        <h3 class=\"tfl-title\">\n\n                            <a href=\"https:\/\/www.dropbox.com\/scl\/fi\/wxh4fnb2dwnkioo4z5sgx\/Fiskars_Primavera_2026_.pdf?rlkey=xvip153g7rzahge3ns9bnuaws&amp;dl=0\" target=\"_blank\" rel=\"noopener\">\n            \n            FISKARS - GERBER\n                            <\/a>\n            \n        <\/h3>\n\n    \n        \n            <p class=\"tfl-text\">Accesorios y herramientas de jardineria<br \/> Promociones primavera 2026<\/p>\n\n            <\/div>\n\n<\/div><!-- .tfl-iconbox -->\t\t<\/div>\n\t\t\t\t<\/div>\n\t\t\t\t\t<\/div>\n\t\t<\/div>\n\t\t\t\t\t<\/div>\n\t\t<\/section>\n\t\t\t\t<section class=\"elementor-section elementor-inner-section elementor-element elementor-element-0905da8 elementor-section-boxed elementor-section-height-default elementor-section-height-default\" data-id=\"0905da8\" data-element_type=\"section\">\n\t\t\t\t\t\t<div class=\"elementor-container elementor-column-gap-default\">\n\t\t\t\t\t<div class=\"elementor-column elementor-col-50 elementor-inner-column elementor-element elementor-element-71d8e37\" data-id=\"71d8e37\" data-element_type=\"column\">\n\t\t\t<div class=\"elementor-widget-wrap elementor-element-populated\">\n\t\t\t\t\t\t<div class=\"elementor-element elementor-element-665a879 elementor-widget elementor-widget-tfl-iconbox-v2\" data-id=\"665a879\" data-element_type=\"widget\" data-widget_type=\"tfl-iconbox-v2.default\">\n\t\t\t\t<div class=\"elementor-widget-container\">\n\t\t\t\n\n<div class=\"tfl-iconbox-v2 tfl-style1  has-icon dark-mode-no tfl-align-left \">\n                    <div class=\"tfl-image-wrapper\">\n                <i aria-hidden=\"true\" class=\"far fa-clipboard\"><\/i>            <\/div>\n        \n        <div class=\"tfl-content-wrapper\">\n\n                        <h3 class=\"tfl-title\">\n\n                            <a href=\"https:\/\/www.dropbox.com\/scl\/fi\/zphrj8xukra9z2d4gfv9p\/ECHO-Primaveraverano2026.pdf?rlkey=n4zj8jdd99kg61nn2665h3xqn&amp;dl=0\" target=\"_blank\" rel=\"noopener\">\n            \n            ECHO\n                            <\/a>\n            \n        <\/h3>\n\n    \n        \n            <p class=\"tfl-text\">Promociones Primavera - Verano 2026<\/p>\n\n            <\/div>\n\n<\/div><!-- .tfl-iconbox -->\t\t<\/div>\n\t\t\t\t<\/div>\n\t\t\t\t\t<\/div>\n\t\t<\/div>\n\t\t\t\t<div class=\"elementor-column elementor-col-50 elementor-inner-column elementor-element elementor-element-a9b7fdb\" data-id=\"a9b7fdb\" data-element_type=\"column\">\n\t\t\t<div class=\"elementor-widget-wrap elementor-element-populated\">\n\t\t\t\t\t\t<div class=\"elementor-element elementor-element-ab0ff5e elementor-widget elementor-widget-tfl-iconbox-v2\" data-id=\"ab0ff5e\" data-element_type=\"widget\" data-widget_type=\"tfl-iconbox-v2.default\">\n\t\t\t\t<div class=\"elementor-widget-container\">\n\t\t\t\n\n<div class=\"tfl-iconbox-v2 tfl-style1  has-icon dark-mode-no tfl-align-left \">\n                    <div class=\"tfl-image-wrapper\">\n                <i aria-hidden=\"true\" class=\"far fa-clipboard\"><\/i>            <\/div>\n        \n        <div class=\"tfl-content-wrapper\">\n\n                        <h3 class=\"tfl-title\">\n\n                            <a href=\"https:\/\/www.dropbox.com\/scl\/fi\/yz9lqlhx7mywa6oxokgbb\/HONDA-primaveraverano2026.pdf?rlkey=1z8i8i4zdelcna547t162djg6&amp;dl=0\" target=\"_blank\" rel=\"noopener\">\n            \n            HONDA\n                            <\/a>\n            \n        <\/h3>\n\n    \n        \n            <p class=\"tfl-text\">Promociones Primavera - Verano 2026<\/p>\n\n            <\/div>\n\n<\/div><!-- .tfl-iconbox -->\t\t<\/div>\n\t\t\t\t<\/div>\n\t\t\t\t\t<\/div>\n\t\t<\/div>\n\t\t\t\t\t<\/div>\n\t\t<\/section>\n\t\t\t\t\t<\/div>\n\t\t<\/div>\n\t\t\t\t\t<\/div>\n\t\t<\/section>\n\t\t\t\t<section class=\"elementor-section elementor-top-section elementor-element elementor-element-1786c6cf elementor-section-full_width elementor-section-height-default elementor-section-height-default\" data-id=\"1786c6cf\" data-element_type=\"section\" data-settings=\"{&quot;background_background&quot;:&quot;classic&quot;}\">\n\t\t\t\t\t\t<div class=\"elementor-container elementor-column-gap-no\">\n\t\t\t\t\t<div class=\"elementor-column elementor-col-100 elementor-top-column elementor-element elementor-element-3bca4e7c\" data-id=\"3bca4e7c\" data-element_type=\"column\" data-settings=\"{&quot;background_background&quot;:&quot;classic&quot;}\">\n\t\t\t<div class=\"elementor-widget-wrap elementor-element-populated\">\n\t\t\t\t\t<div class=\"elementor-background-overlay\"><\/div>\n\t\t\t\t\t\t<div class=\"elementor-element elementor-element-3794e45 elementor-widget elementor-widget-spacer\" data-id=\"3794e45\" data-element_type=\"widget\" data-widget_type=\"spacer.default\">\n\t\t\t\t<div class=\"elementor-widget-container\">\n\t\t\t\t\t<div class=\"elementor-spacer\">\n\t\t\t<div class=\"elementor-spacer-inner\"><\/div>\n\t\t<\/div>\n\t\t\t\t<\/div>\n\t\t\t\t<\/div>\n\t\t\t\t\t<\/div>\n\t\t<\/div>\n\t\t\t\t\t<\/div>\n\t\t<\/section>\n\t\t\t\t<section class=\"elementor-section elementor-top-section elementor-element elementor-element-16d666a4 elementor-section-boxed elementor-section-height-default elementor-section-height-default\" data-id=\"16d666a4\" data-element_type=\"section\">\n\t\t\t\t\t\t<div class=\"elementor-container elementor-column-gap-default\">\n\t\t\t\t\t<div class=\"elementor-column elementor-col-100 elementor-top-column elementor-element elementor-element-50903df7\" data-id=\"50903df7\" data-element_type=\"column\">\n\t\t\t<div class=\"elementor-widget-wrap elementor-element-populated\">\n\t\t\t\t\t\t<section class=\"elementor-section elementor-inner-section elementor-element elementor-element-7480c094 elementor-section-boxed elementor-section-height-default elementor-section-height-default\" data-id=\"7480c094\" data-element_type=\"section\" data-settings=\"{&quot;background_background&quot;:&quot;classic&quot;}\">\n\t\t\t\t\t\t<div class=\"elementor-container elementor-column-gap-default\">\n\t\t\t\t\t<div class=\"elementor-column elementor-col-100 elementor-inner-column elementor-element elementor-element-1bd37ea1\" data-id=\"1bd37ea1\" data-element_type=\"column\">\n\t\t\t<div class=\"elementor-widget-wrap elementor-element-populated\">\n\t\t\t\t\t\t<div class=\"elementor-element elementor-element-4c81804a elementor-widget elementor-widget-heading\" data-id=\"4c81804a\" data-element_type=\"widget\" data-widget_type=\"heading.default\">\n\t\t\t\t<div class=\"elementor-widget-container\">\n\t\t\t<h2 class=\"elementor-heading-title elementor-size-default\">\u00bfNecesitas m\u00e1s informaci\u00f3n o m\u00e1s detalles?<\/h2>\t\t<\/div>\n\t\t\t\t<\/div>\n\t\t\t\t<div class=\"elementor-element elementor-element-5665bc40 elementor-align-center elementor-widget elementor-widget-button\" data-id=\"5665bc40\" data-element_type=\"widget\" data-widget_type=\"button.default\">\n\t\t\t\t<div class=\"elementor-widget-container\">\n\t\t\t\t\t\t\t<div class=\"elementor-button-wrapper\">\n\t\t\t\t\t<a class=\"elementor-button elementor-button-link elementor-size-sm\" href=\"https:\/\/verdmak.com\/es\/contacto-con-verdmak\/\">\n\t\t\t\t\t\t<span class=\"elementor-button-content-wrapper\">\n\t\t\t\t\t\t\t\t\t<span class=\"elementor-button-text\">Contacta con nosotros!<\/span>\n\t\t\t\t\t<\/span>\n\t\t\t\t\t<\/a>\n\t\t\t\t<\/div>\n\t\t\t\t\t\t<\/div>\n\t\t\t\t<\/div>\n\t\t\t\t\t<\/div>\n\t\t<\/div>\n\t\t\t\t\t<\/div>\n\t\t<\/section>\n\t\t\t\t\t<\/div>\n\t\t<\/div>\n\t\t\t\t\t<\/div>\n\t\t<\/section>\n\t\t\t\t<\/div>\n\t\t","protected":false},"excerpt":{"rendered":"<p>Toda la maquinaria que necesitas en un clic Previous Next Explora los cat\u00e1logos de nuestros distribuidores: Descubre nuestra amplia gama de maquinaria STIGA Garden Care Gama 2026 Cat\u00e1logo Dealer 2026 FISKARS &#8211; GERBER Accesorios y herramientas de jardineria Promociones primavera [&hellip;]<\/p>\n","protected":false},"author":1,"featured_media":1663,"parent":0,"menu_order":0,"comment_status":"closed","ping_status":"closed","template":"","meta":{"inline_featured_image":false,"_joinchat":[],"footnotes":""},"class_list":["post-2156","page","type-page","status-publish","has-post-thumbnail","hentry"],"_links":{"self":[{"href":"https:\/\/verdmak.com\/es\/wp-json\/wp\/v2\/pages\/2156","targetHints":{"allow":["GET"]}}],"collection":[{"href":"https:\/\/verdmak.com\/es\/wp-json\/wp\/v2\/pages"}],"about":[{"href":"https:\/\/verdmak.com\/es\/wp-json\/wp\/v2\/types\/page"}],"author":[{"embeddable":true,"href":"https:\/\/verdmak.com\/es\/wp-json\/wp\/v2\/users\/1"}],"replies":[{"embeddable":true,"href":"https:\/\/verdmak.com\/es\/wp-json\/wp\/v2\/comments?post=2156"}],"version-history":[{"count":106,"href":"https:\/\/verdmak.com\/es\/wp-json\/wp\/v2\/pages\/2156\/revisions"}],"predecessor-version":[{"id":2831,"href":"https:\/\/verdmak.com\/es\/wp-json\/wp\/v2\/pages\/2156\/revisions\/2831"}],"wp:featuredmedia":[{"embeddable":true,"href":"https:\/\/verdmak.com\/es\/wp-json\/wp\/v2\/media\/1663"}],"wp:attachment":[{"href":"https:\/\/verdmak.com\/es\/wp-json\/wp\/v2\/media?parent=2156"}],"curies":[{"name":"wp","href":"https:\/\/api.w.org\/{rel}","templated":true}]}}